{"id":283,"date":"2017-12-13T14:31:25","date_gmt":"2017-12-13T14:31:25","guid":{"rendered":"http:\/\/www.rehabilitace-petrmalek.cz\/?page_id=283"},"modified":"2017-12-31T13:41:57","modified_gmt":"2017-12-31T13:41:57","slug":"laser","status":"publish","type":"page","link":"https:\/\/www.rehabilitace-petrmalek.cz\/index.php\/laser\/","title":{"rendered":"Laser"},"content":{"rendered":"<p><img loading=\"lazy\" decoding=\"async\" class=\" wp-image-361 alignright\" src=\"http:\/\/www.rehabilitace-petrmalek.cz\/wp-content\/uploads\/2017\/12\/DSC_0055-300x199.jpg\" alt=\"\" width=\"463\" height=\"307\" srcset=\"https:\/\/www.rehabilitace-petrmalek.cz\/wp-content\/uploads\/2017\/12\/DSC_0055-300x199.jpg 300w, https:\/\/www.rehabilitace-petrmalek.cz\/wp-content\/uploads\/2017\/12\/DSC_0055-768x509.jpg 768w, https:\/\/www.rehabilitace-petrmalek.cz\/wp-content\/uploads\/2017\/12\/DSC_0055-1024x678.jpg 1024w\" sizes=\"auto, (max-width: 463px) 100vw, 463px\" \/><strong>Laser<\/strong> je za\u0159\u00edzen\u00ed uvol\u0148uj\u00edc\u00ed energii formou paprsku elektromagnetick\u00e9ho z\u00e1\u0159en\u00ed.<br \/>\nP\u0159i jeho aplikaci chr\u00e1n\u00edme p\u0159edev\u0161\u00edm o\u010di a \u0161t\u00edtnou \u017el\u00e1zu.<\/p>\n<p>\u00da\u010dinky laseru \u2013 sni\u017euje bolest<br \/>\ntlum\u00ed z\u00e1n\u011btliv\u00e9 procesy<br \/>\nzlep\u0161uje hojen\u00ed<br \/>\nzlep\u0161uje prokrven\u00ed tk\u00e1n\u00ed<br \/>\nomezuje otoky tk\u00e1n\u00ed<br \/>\ntlum\u00ed mno\u017een\u00ed bakteri\u00ed a vir\u016f<\/p>\n<p>Co l\u00e9\u010d\u00edme laserem:<\/p>\n<ul>\n<li>b\u00e9rcov\u00e9 v\u0159edy, prole\u017eeniny, nehoj\u00edc\u00ed se r\u00e1ny, pop\u00e1leniny,<\/li>\n<li>chronick\u00e9 ekz\u00e9my<\/li>\n<li>akn\u00e9<\/li>\n<li>oslaben\u00e9 a keloidn\u00ed jizvy<\/li>\n<li>z\u00e1n\u011bty \u0161lach<\/li>\n<li>tenisov\u00fd a golfov\u00fd loket<\/li>\n<li>kloubn\u00ed artr\u00f3zy<\/li>\n<li>z\u00e1n\u011bty a otoky kloub\u016f<\/li>\n<li>bolestiv\u00e9 body ve svalech<\/li>\n<li>bolestiv\u00e9 stavy kloub\u016f a p\u00e1te\u0159e<\/li>\n<li>po\u00farazov\u00e9 stavy &#8211; pohmo\u017ed\u011bn\u00ed tk\u00e1n\u00ed, podvrtnut\u00ed kloub\u016f, krevn\u00ed podlitiny, natr\u017een\u00e9 a p\u0159etr\u017een\u00e9 \u0161lachy po chirurgick\u00e9m o\u0161et\u0159en\u00ed<\/li>\n<\/ul>\n","protected":false},"excerpt":{"rendered":"<p>Laser je za\u0159\u00edzen\u00ed uvol\u0148uj\u00edc\u00ed energii formou paprsku elektromagnetick\u00e9ho z\u00e1\u0159en\u00ed. P\u0159i jeho aplikaci chr\u00e1n\u00edme p\u0159edev\u0161\u00edm o\u010di a \u0161t\u00edtnou \u017el\u00e1zu. \u00da\u010dinky laseru \u2013 sni\u017euje bolest tlum\u00ed z\u00e1n\u011btliv\u00e9 procesy zlep\u0161uje hojen\u00ed zlep\u0161uje prokrven\u00ed tk\u00e1n\u00ed omezuje otoky tk\u00e1n\u00ed tlum\u00ed mno\u017een\u00ed bakteri\u00ed a vir\u016f Co l\u00e9\u010d\u00edme laserem: b\u00e9rcov\u00e9 v\u0159edy, prole\u017eeniny, nehoj\u00edc\u00ed se r\u00e1ny, pop\u00e1leniny, chronick\u00e9 ekz\u00e9my akn\u00e9 oslaben\u00e9 a keloidn\u00ed<\/p>\n","protected":false},"author":1,"featured_media":0,"parent":0,"menu_order":0,"comment_status":"closed","ping_status":"closed","template":"fullwidth.php","meta":{"footnotes":""},"class_list":["post-283","page","type-page","status-publish","hentry"],"_links":{"self":[{"href":"https:\/\/www.rehabilitace-petrmalek.cz\/index.php\/wp-json\/wp\/v2\/pages\/283","targetHints":{"allow":["GET"]}}],"collection":[{"href":"https:\/\/www.rehabilitace-petrmalek.cz\/index.php\/wp-json\/wp\/v2\/pages"}],"about":[{"href":"https:\/\/www.rehabilitace-petrmalek.cz\/index.php\/wp-json\/wp\/v2\/types\/page"}],"author":[{"embeddable":true,"href":"https:\/\/www.rehabilitace-petrmalek.cz\/index.php\/wp-json\/wp\/v2\/users\/1"}],"replies":[{"embeddable":true,"href":"https:\/\/www.rehabilitace-petrmalek.cz\/index.php\/wp-json\/wp\/v2\/comments?post=283"}],"version-history":[{"count":6,"href":"https:\/\/www.rehabilitace-petrmalek.cz\/index.php\/wp-json\/wp\/v2\/pages\/283\/revisions"}],"predecessor-version":[{"id":415,"href":"https:\/\/www.rehabilitace-petrmalek.cz\/index.php\/wp-json\/wp\/v2\/pages\/283\/revisions\/415"}],"wp:attachment":[{"href":"https:\/\/www.rehabilitace-petrmalek.cz\/index.php\/wp-json\/wp\/v2\/media?parent=283"}],"curies":[{"name":"wp","href":"https:\/\/api.w.org\/{rel}","templated":true}]}}