{"id":281,"date":"2017-12-13T14:31:14","date_gmt":"2017-12-13T14:31:14","guid":{"rendered":"http:\/\/www.rehabilitace-petrmalek.cz\/?page_id=281"},"modified":"2017-12-31T13:40:45","modified_gmt":"2017-12-31T13:40:45","slug":"taping","status":"publish","type":"page","link":"https:\/\/www.rehabilitace-petrmalek.cz\/index.php\/taping\/","title":{"rendered":"Taping"},"content":{"rendered":"<p><u><img loading=\"lazy\" decoding=\"async\" class=\" wp-image-383 alignright\" src=\"http:\/\/www.rehabilitace-petrmalek.cz\/wp-content\/uploads\/2017\/12\/tonda_zuzka_middle-193x300.jpg\" alt=\"\" width=\"302\" height=\"469\" srcset=\"https:\/\/www.rehabilitace-petrmalek.cz\/wp-content\/uploads\/2017\/12\/tonda_zuzka_middle-193x300.jpg 193w, https:\/\/www.rehabilitace-petrmalek.cz\/wp-content\/uploads\/2017\/12\/tonda_zuzka_middle-768x1194.jpg 768w, https:\/\/www.rehabilitace-petrmalek.cz\/wp-content\/uploads\/2017\/12\/tonda_zuzka_middle-659x1024.jpg 659w, https:\/\/www.rehabilitace-petrmalek.cz\/wp-content\/uploads\/2017\/12\/tonda_zuzka_middle.jpg 777w\" sizes=\"auto, (max-width: 302px) 100vw, 302px\" \/><strong>Kinesiotaping<\/strong><\/u> \u2013 spr\u00e1vnou aplikac\u00ed vhodn\u00e9 techniky tapu \/tejpu\/ na p\u0159\u00edslu\u0161nou oblast t\u011bla<br \/>\nvyvol\u00e1me reflexn\u00ed reakci organismu s c\u00edlem odstranit patologick\u00e9 zm\u011bny, \u010d\u00edm\u017e umo\u017en\u00edme n\u00e1vrat fyziologick\u00e9 funkce p\u0159\u00edslu\u0161n\u00e9 \u010d\u00e1sti pohybov\u00e9ho apar\u00e1tu.<br \/>\nTejpov\u00e1n\u00ed je vhodn\u00e9 pro ka\u017ed\u00e9ho z n\u00e1s v\u010detn\u011b aktivn\u00edch sportovc\u016f.<\/p>\n<p>\u00da\u010dinky kinesiotapingu na pohybov\u00fd apar\u00e1t:<\/p>\n<ul>\n<li>zlep\u0161uje prokrven\u00ed p\u0159\u00edslu\u0161n\u00e9 oblasti \u2013 p\u0159\u00edzniv\u011b ovliv\u0148uje krevn\u00ed a lymfatick\u00e9 \u0159e\u010di\u0161t\u011b<\/li>\n<li>sni\u017euje bolest a otok sval\u016f a kloub\u016f<\/li>\n<li>upravuje nap\u011bt\u00ed p\u0159et\u00ed\u017een\u00fdch sval\u016f<\/li>\n<li>zvy\u0161uje stabilitu a rozsah pohybu kloub\u016f<\/li>\n<\/ul>\n<p>Mo\u017enosti vyu\u017eit\u00ed kinesiotapingu:<\/p>\n<ul>\n<li>vertebrogenn\u00ed algick\u00fd syndrom \u2013 bolesti kr\u010dn\u00ed hrudn\u00ed a bedern\u00ed p\u00e1te\u0159e<\/li>\n<li>bolesti a nestability kloub\u016f na horn\u00edch i doln\u00edch kon\u010detin\u00e1ch<\/li>\n<li>tenisov\u00fd a golfov\u00fd loket<\/li>\n<li>syndrom karp\u00e1ln\u00edho tunelu<\/li>\n<li>podvrtnut\u00ed a nata\u017een\u00ed kloub\u016f<\/li>\n<\/ul>\n","protected":false},"excerpt":{"rendered":"<p>Kinesiotaping \u2013 spr\u00e1vnou aplikac\u00ed vhodn\u00e9 techniky tapu \/tejpu\/ na p\u0159\u00edslu\u0161nou oblast t\u011bla vyvol\u00e1me reflexn\u00ed reakci organismu s c\u00edlem odstranit patologick\u00e9 zm\u011bny, \u010d\u00edm\u017e umo\u017en\u00edme n\u00e1vrat fyziologick\u00e9 funkce p\u0159\u00edslu\u0161n\u00e9 \u010d\u00e1sti pohybov\u00e9ho apar\u00e1tu. Tejpov\u00e1n\u00ed je vhodn\u00e9 pro ka\u017ed\u00e9ho z n\u00e1s v\u010detn\u011b aktivn\u00edch sportovc\u016f. \u00da\u010dinky kinesiotapingu na pohybov\u00fd apar\u00e1t: zlep\u0161uje prokrven\u00ed p\u0159\u00edslu\u0161n\u00e9 oblasti \u2013 p\u0159\u00edzniv\u011b ovliv\u0148uje krevn\u00ed a lymfatick\u00e9<\/p>\n","protected":false},"author":1,"featured_media":0,"parent":0,"menu_order":0,"comment_status":"closed","ping_status":"closed","template":"fullwidth.php","meta":{"footnotes":""},"class_list":["post-281","page","type-page","status-publish","hentry"],"_links":{"self":[{"href":"https:\/\/www.rehabilitace-petrmalek.cz\/index.php\/wp-json\/wp\/v2\/pages\/281","targetHints":{"allow":["GET"]}}],"collection":[{"href":"https:\/\/www.rehabilitace-petrmalek.cz\/index.php\/wp-json\/wp\/v2\/pages"}],"about":[{"href":"https:\/\/www.rehabilitace-petrmalek.cz\/index.php\/wp-json\/wp\/v2\/types\/page"}],"author":[{"embeddable":true,"href":"https:\/\/www.rehabilitace-petrmalek.cz\/index.php\/wp-json\/wp\/v2\/users\/1"}],"replies":[{"embeddable":true,"href":"https:\/\/www.rehabilitace-petrmalek.cz\/index.php\/wp-json\/wp\/v2\/comments?post=281"}],"version-history":[{"count":4,"href":"https:\/\/www.rehabilitace-petrmalek.cz\/index.php\/wp-json\/wp\/v2\/pages\/281\/revisions"}],"predecessor-version":[{"id":413,"href":"https:\/\/www.rehabilitace-petrmalek.cz\/index.php\/wp-json\/wp\/v2\/pages\/281\/revisions\/413"}],"wp:attachment":[{"href":"https:\/\/www.rehabilitace-petrmalek.cz\/index.php\/wp-json\/wp\/v2\/media?parent=281"}],"curies":[{"name":"wp","href":"https:\/\/api.w.org\/{rel}","templated":true}]}}