{"id":279,"date":"2017-12-13T14:30:59","date_gmt":"2017-12-13T14:30:59","guid":{"rendered":"http:\/\/www.rehabilitace-petrmalek.cz\/?page_id=279"},"modified":"2017-12-31T13:40:05","modified_gmt":"2017-12-31T13:40:05","slug":"myoskeletalni-medicina","status":"publish","type":"page","link":"https:\/\/www.rehabilitace-petrmalek.cz\/index.php\/myoskeletalni-medicina\/","title":{"rendered":"Myoskelet\u00e1rn\u00ed medic\u00edna"},"content":{"rendered":"<p><strong><u>Myoskelet\u00e1ln\u00ed \/manu\u00e1ln\u00ed\/ medic\u00edna<\/u><\/strong> je obor, zab\u00fdvaj\u00edc\u00ed se diagnostikou a l\u00e9\u010dbou funk\u010dn\u00edch poruch pohybov\u00e9ho apar\u00e1tu \u2013 p\u00e1te\u0159e a kloub\u016f.<br \/>\nK tomuto \u00fa\u010delu vyu\u017e\u00edv\u00e1 manu\u00e1ln\u00ed \/ru\u010dn\u00ed\/ metody: <u>manipulace a mobilizace<\/u>.<br \/>\nP\u0159i manipula\u010dn\u00ed a mobiliza\u010dn\u00ed terapii doch\u00e1z\u00ed k \u0161etrn\u00e9mu navr\u00e1cen\u00ed kloub\u016f do spr\u00e1vn\u00e9ho postaven\u00ed a t\u00edm k obnoven\u00ed jejich norm\u00e1ln\u00ed funkce. Tyto manu\u00e1ln\u00ed techniky nach\u00e1zej\u00ed uplatn\u011bn\u00ed u poruch funkce pohybov\u00e9ho apar\u00e1tu \u2013 jedn\u00e1 se o blok\u00e1dy perifern\u00edch \u010dili kon\u010detinov\u00fdch kloub\u016f, stejn\u011b tak blok\u00e1dy v oblasti p\u00e1te\u0159e.<br \/>\nV\u0161echny tyto techniky maj\u00ed jedno spole\u010dn\u00e9 &#8211; p\u016fsob\u00ed reflexn\u011b a pokud jsou \u00fa\u010dinn\u00e9, p\u016fsob\u00ed prakticky okam\u017eit\u011b. To v\u0161ak zcela neplat\u00ed u chronick\u00fdch a zanedban\u00fdch bolestiv\u00fdch stav\u016f pohybov\u00e9ho apar\u00e1tu, kdy pak pacient mus\u00ed doch\u00e1zet k l\u00e9\u010db\u011b opakovan\u011b.<br \/>\nZdrojem vertebrogenn\u00edch \/p\u00e1te\u0159n\u00edch\/ pot\u00ed\u017e\u00ed projevuj\u00edc\u00edch se bolestmi v z\u00e1dech a omezen\u00edm pohybu je nej\u010dast\u011bji samotn\u00e1 p\u00e1te\u0159. Dal\u0161\u00edmi p\u0159\u00ed\u010dinami bolest\u00ed v z\u00e1dech mohou b\u00fdt onemocn\u011bn\u00ed vnit\u0159n\u00edch org\u00e1n\u016f, nap\u0159.: srde\u010dn\u00ed infarkt, v\u0159edov\u00e1 choroba \u017ealudku a dvan\u00e1ctern\u00edku, gynekologick\u00e1 onemocn\u011bn\u00ed v\u010detn\u011b ledvin.<br \/>\nBolest p\u00e1te\u0159e je v\u017edy sign\u00e1lem, \u017ee n\u011bco nen\u00ed v po\u0159\u00e1dku, proto by se m\u011bla \u0159e\u0161it<br \/>\nco nejd\u0159\u00edve.<\/p>\n<p>Kdy prov\u00e1d\u00edme manipulaci a mobilizaci:<\/p>\n<ul>\n<li>omezen\u00e1 hybnost a bolestivost kon\u010detinov\u00fdch kloub\u016f:<br \/>\nHK &#8211; ramena, lokty, z\u00e1p\u011bst\u00ed<br \/>\nDK \u2013 ky\u010dle, kolena, hlezna<\/li>\n<li>omezen\u00e1 hybnost a bolestivost p\u00e1te\u0159e: kr\u010dn\u00ed, hrudn\u00ed, bedern\u00ed a k\u0159\u00ed\u017eov\u00e1 \u010d\u00e1st p\u00e1te\u0159e<\/li>\n<li>zv\u00fd\u0161en\u00e9 svalov\u00e9 nap\u011bt\u00ed na p\u00e1te\u0159i i kon\u010detin\u00e1ch p\u016fsob\u00edc\u00ed bolest<\/li>\n<li>bolesti hlavy a z\u00e1vrativ\u00e9 stavy p\u0159i poruch\u00e1ch kr\u010dn\u00ed p\u00e1te\u0159e<\/li>\n<li>bolesti na hrudn\u00edku vyza\u0159uj\u00edc\u00ed z p\u00e1te\u0159e<\/li>\n<li>bolesti, brn\u011bn\u00ed kon\u010detin jejich\u017e p\u0159\u00ed\u010dinou je op\u011bt ur\u010dit\u00fd \u00fasek p\u00e1te\u0159e<\/li>\n<\/ul>\n<p>P\u0159\u00ed\u010diny ne\u00fasp\u011bchu t\u00e9to metodiky pramen\u00ed ze \u0161patn\u00e9 indikace nebo nespr\u00e1vn\u011b proveden\u00e9 techniky l\u00e9ka\u0159em.<\/p>\n","protected":false},"excerpt":{"rendered":"<p>Myoskelet\u00e1ln\u00ed \/manu\u00e1ln\u00ed\/ medic\u00edna je obor, zab\u00fdvaj\u00edc\u00ed se diagnostikou a l\u00e9\u010dbou funk\u010dn\u00edch poruch pohybov\u00e9ho apar\u00e1tu \u2013 p\u00e1te\u0159e a kloub\u016f. K tomuto \u00fa\u010delu vyu\u017e\u00edv\u00e1 manu\u00e1ln\u00ed \/ru\u010dn\u00ed\/ metody: manipulace a mobilizace. P\u0159i manipula\u010dn\u00ed a mobiliza\u010dn\u00ed terapii doch\u00e1z\u00ed k \u0161etrn\u00e9mu navr\u00e1cen\u00ed kloub\u016f do spr\u00e1vn\u00e9ho postaven\u00ed a t\u00edm k obnoven\u00ed jejich norm\u00e1ln\u00ed funkce. Tyto manu\u00e1ln\u00ed techniky nach\u00e1zej\u00ed uplatn\u011bn\u00ed u poruch<\/p>\n","protected":false},"author":1,"featured_media":0,"parent":0,"menu_order":0,"comment_status":"closed","ping_status":"closed","template":"fullwidth.php","meta":{"footnotes":""},"class_list":["post-279","page","type-page","status-publish","hentry"],"_links":{"self":[{"href":"https:\/\/www.rehabilitace-petrmalek.cz\/index.php\/wp-json\/wp\/v2\/pages\/279","targetHints":{"allow":["GET"]}}],"collection":[{"href":"https:\/\/www.rehabilitace-petrmalek.cz\/index.php\/wp-json\/wp\/v2\/pages"}],"about":[{"href":"https:\/\/www.rehabilitace-petrmalek.cz\/index.php\/wp-json\/wp\/v2\/types\/page"}],"author":[{"embeddable":true,"href":"https:\/\/www.rehabilitace-petrmalek.cz\/index.php\/wp-json\/wp\/v2\/users\/1"}],"replies":[{"embeddable":true,"href":"https:\/\/www.rehabilitace-petrmalek.cz\/index.php\/wp-json\/wp\/v2\/comments?post=279"}],"version-history":[{"count":9,"href":"https:\/\/www.rehabilitace-petrmalek.cz\/index.php\/wp-json\/wp\/v2\/pages\/279\/revisions"}],"predecessor-version":[{"id":412,"href":"https:\/\/www.rehabilitace-petrmalek.cz\/index.php\/wp-json\/wp\/v2\/pages\/279\/revisions\/412"}],"wp:attachment":[{"href":"https:\/\/www.rehabilitace-petrmalek.cz\/index.php\/wp-json\/wp\/v2\/media?parent=279"}],"curies":[{"name":"wp","href":"https:\/\/api.w.org\/{rel}","templated":true}]}}