{"id":277,"date":"2017-12-13T14:30:27","date_gmt":"2017-12-13T14:30:27","guid":{"rendered":"http:\/\/www.rehabilitace-petrmalek.cz\/?page_id=277"},"modified":"2017-12-14T14:09:26","modified_gmt":"2017-12-14T14:09:26","slug":"galerie","status":"publish","type":"page","link":"https:\/\/www.rehabilitace-petrmalek.cz\/index.php\/galerie\/","title":{"rendered":"Galerie"},"content":{"rendered":"<p>\u010cek\u00e1 V\u00e1s p\u0159\u00edjemn\u00e9 prost\u0159ed\u00ed<\/p>\n<p><img loading=\"lazy\" decoding=\"async\" class=\"size-medium wp-image-375 alignleft\" src=\"http:\/\/www.rehabilitace-petrmalek.cz\/wp-content\/uploads\/2017\/12\/DSC_0054-300x199.jpg\" alt=\"\" width=\"300\" height=\"199\" srcset=\"https:\/\/www.rehabilitace-petrmalek.cz\/wp-content\/uploads\/2017\/12\/DSC_0054-300x199.jpg 300w, https:\/\/www.rehabilitace-petrmalek.cz\/wp-content\/uploads\/2017\/12\/DSC_0054-768x509.jpg 768w, https:\/\/www.rehabilitace-petrmalek.cz\/wp-content\/uploads\/2017\/12\/DSC_0054-1024x678.jpg 1024w\" sizes=\"auto, (max-width: 300px) 100vw, 300px\" \/> <img loading=\"lazy\" decoding=\"async\" class=\"size-medium wp-image-374 alignleft\" src=\"http:\/\/www.rehabilitace-petrmalek.cz\/wp-content\/uploads\/2017\/12\/DSC_0052-300x199.jpg\" alt=\"\" width=\"300\" height=\"199\" srcset=\"https:\/\/www.rehabilitace-petrmalek.cz\/wp-content\/uploads\/2017\/12\/DSC_0052-300x199.jpg 300w, https:\/\/www.rehabilitace-petrmalek.cz\/wp-content\/uploads\/2017\/12\/DSC_0052-768x509.jpg 768w, https:\/\/www.rehabilitace-petrmalek.cz\/wp-content\/uploads\/2017\/12\/DSC_0052-1024x678.jpg 1024w\" sizes=\"auto, (max-width: 300px) 100vw, 300px\" \/> <img loading=\"lazy\" decoding=\"async\" class=\"size-medium wp-image-373 alignleft\" src=\"http:\/\/www.rehabilitace-petrmalek.cz\/wp-content\/uploads\/2017\/12\/DSC_0050-300x199.jpg\" alt=\"\" width=\"300\" height=\"199\" srcset=\"https:\/\/www.rehabilitace-petrmalek.cz\/wp-content\/uploads\/2017\/12\/DSC_0050-300x199.jpg 300w, https:\/\/www.rehabilitace-petrmalek.cz\/wp-content\/uploads\/2017\/12\/DSC_0050-768x509.jpg 768w, https:\/\/www.rehabilitace-petrmalek.cz\/wp-content\/uploads\/2017\/12\/DSC_0050-1024x678.jpg 1024w\" sizes=\"auto, (max-width: 300px) 100vw, 300px\" \/><\/p>\n","protected":false},"excerpt":{"rendered":"<p>\u010cek\u00e1 V\u00e1s p\u0159\u00edjemn\u00e9 prost\u0159ed\u00ed<\/p>\n","protected":false},"author":1,"featured_media":0,"parent":0,"menu_order":0,"comment_status":"closed","ping_status":"closed","template":"fullwidth.php","meta":{"footnotes":""},"class_list":["post-277","page","type-page","status-publish","hentry"],"_links":{"self":[{"href":"https:\/\/www.rehabilitace-petrmalek.cz\/index.php\/wp-json\/wp\/v2\/pages\/277","targetHints":{"allow":["GET"]}}],"collection":[{"href":"https:\/\/www.rehabilitace-petrmalek.cz\/index.php\/wp-json\/wp\/v2\/pages"}],"about":[{"href":"https:\/\/www.rehabilitace-petrmalek.cz\/index.php\/wp-json\/wp\/v2\/types\/page"}],"author":[{"embeddable":true,"href":"https:\/\/www.rehabilitace-petrmalek.cz\/index.php\/wp-json\/wp\/v2\/users\/1"}],"replies":[{"embeddable":true,"href":"https:\/\/www.rehabilitace-petrmalek.cz\/index.php\/wp-json\/wp\/v2\/comments?post=277"}],"version-history":[{"count":3,"href":"https:\/\/www.rehabilitace-petrmalek.cz\/index.php\/wp-json\/wp\/v2\/pages\/277\/revisions"}],"predecessor-version":[{"id":387,"href":"https:\/\/www.rehabilitace-petrmalek.cz\/index.php\/wp-json\/wp\/v2\/pages\/277\/revisions\/387"}],"wp:attachment":[{"href":"https:\/\/www.rehabilitace-petrmalek.cz\/index.php\/wp-json\/wp\/v2\/media?parent=277"}],"curies":[{"name":"wp","href":"https:\/\/api.w.org\/{rel}","templated":true}]}}